{"id":440,"date":"2019-03-08T17:54:36","date_gmt":"2019-03-08T17:54:36","guid":{"rendered":"https:\/\/www.equinox.com.gt\/?page_id=440"},"modified":"2019-03-21T17:20:57","modified_gmt":"2019-03-21T17:20:57","slug":"inicio","status":"publish","type":"page","link":"https:\/\/www.equinox.com.gt\/","title":{"rendered":"Equinox"},"content":{"rendered":"<div class=\"ui--title ui--animation ui--title-bordered text-left\"><div class=\"ui--title-holder\"><h1 class=\"ui--title-text\" style=\"color: #037EA7 !important;\">Lo mas reciente<\/h1><div style=\"border-color: #ff0000 !important;  border-width: 2px;  margin-top: -1px;\" class=\"ui--title-borders ui--title-border-left\"><\/div><div style=\"border-color: #ff0000 !important;  border-width: 2px;  margin-top: -1px;\" class=\"ui--title-borders ui--title-border-right\"><\/div><\/div><\/div><div  class=\"ui--animation-in make--fx--fadein-ltr ui--pass clearfix\" data-fx=\"fx--fadein-ltr\" data-delay=\"150\" data-start-delay=\"0\"><div id=\"blog-1\" class=\"ui--blog ui--blog-wrapper ui--pass\" data-layout=\"grid\" data-columns=\"4\"><div class=\"ui-row row\">\n <div   class=\"ui-column span3\"><div class=\"ui--block ui--content-item ui--pass ui--animation\"><div  class=\"ui--content-box ui--box ui-row\"><div class=\"ui--content-box-header\"><div class=\"ui--content-box-media effect--fade type--default clearfix\" style=\"padding-bottom: 56.25%;\"><a class=\"ui--content-box-link\" href=\"https:\/\/www.equinox.com.gt\/?p=634\"><div class=\"ui--content-box-image-default\"><img  class=\"ui--content-box-image\" src=\"https:\/\/www.equinox.com.gt\/wp-content\/uploads\/2015\/01\/comal-industrial-570x321.jpg\" alt=\"\" title=\"\"\/><\/div><div class=\"ui--content-box-overlay\"><div class=\"ui--content-box-overlay-background\"><\/div><div class=\"center\"><span class=\"btn btn-grey ui--center-vertical\"><span class=\"ui--content-box-overlay-button-text\">Leer m\u00e1s<\/span><\/span><\/div><\/div><\/a><\/div><a class=\"ui--content-box-link\" href=\"https:\/\/www.equinox.com.gt\/?p=634\"><div class=\"ui--content-box-title ui--gradient ui--gradient-grey on--hover clearfix text-center\"><h5 class=\"ui--content-box-title-text\">Comal industrial<\/h5><\/div><\/a><\/div><\/div><div class=\"ui--shadow ui--shadow-type-1 ui--shadow-abs ui--shadow-reset clearfix\"><img src=\"https:\/\/www.equinox.com.gt\/wp-content\/themes\/envision\/includes\/modules\/module.shadow\/shadows\/shadow-1.png\" alt=\"shadow\" \/><\/div><\/div><\/div> \n\n <div   class=\"ui-column span3\"><div class=\"ui--block ui--content-item ui--pass ui--animation\"><div  class=\"ui--content-box ui--box ui-row\"><div class=\"ui--content-box-header\"><div class=\"ui--content-box-media effect--fade type--default clearfix\" style=\"padding-bottom: 56.25%;\"><a class=\"ui--content-box-link\" href=\"https:\/\/www.equinox.com.gt\/?p=212\"><div class=\"ui--content-box-image-default\"><img  class=\"ui--content-box-image\" src=\"https:\/\/www.equinox.com.gt\/wp-content\/uploads\/2015\/01\/comal-industrial-570x321.jpg\" alt=\"\" title=\"\"\/><\/div><div class=\"ui--content-box-overlay\"><div class=\"ui--content-box-overlay-background\"><\/div><div class=\"center\"><span class=\"btn btn-grey ui--center-vertical\"><span class=\"ui--content-box-overlay-button-text\">Leer m\u00e1s<\/span><\/span><\/div><\/div><\/a><\/div><a class=\"ui--content-box-link\" href=\"https:\/\/www.equinox.com.gt\/?p=212\"><div class=\"ui--content-box-title ui--gradient ui--gradient-grey on--hover clearfix text-center\"><h5 class=\"ui--content-box-title-text\">Comal<\/h5><\/div><\/a><\/div><\/div><div class=\"ui--shadow ui--shadow-type-1 ui--shadow-abs ui--shadow-reset clearfix\"><img src=\"https:\/\/www.equinox.com.gt\/wp-content\/themes\/envision\/includes\/modules\/module.shadow\/shadows\/shadow-1.png\" alt=\"shadow\" \/><\/div><\/div><\/div> \n\n <div   class=\"ui-column span3\"><div class=\"ui--block ui--content-item ui--pass ui--animation\"><div  class=\"ui--content-box ui--box ui-row\"><div class=\"ui--content-box-header\"><div class=\"ui--content-box-media effect--fade type--default clearfix\" style=\"padding-bottom: 56.25%;\"><a class=\"ui--content-box-link\" href=\"https:\/\/www.equinox.com.gt\/?p=210\"><div class=\"ui--content-box-image-default\"><img  class=\"ui--content-box-image\" src=\"https:\/\/www.equinox.com.gt\/wp-content\/uploads\/2015\/01\/fogon2-570x321.jpg\" alt=\"\" title=\"\"\/><\/div><div class=\"ui--content-box-overlay\"><div class=\"ui--content-box-overlay-background\"><\/div><div class=\"center\"><span class=\"btn btn-grey ui--center-vertical\"><span class=\"ui--content-box-overlay-button-text\">Leer m\u00e1s<\/span><\/span><\/div><\/div><\/a><\/div><a class=\"ui--content-box-link\" href=\"https:\/\/www.equinox.com.gt\/?p=210\"><div class=\"ui--content-box-title ui--gradient ui--gradient-grey on--hover clearfix text-center\"><h5 class=\"ui--content-box-title-text\">Fogon<\/h5><\/div><\/a><\/div><\/div><div class=\"ui--shadow ui--shadow-type-1 ui--shadow-abs ui--shadow-reset clearfix\"><img src=\"https:\/\/www.equinox.com.gt\/wp-content\/themes\/envision\/includes\/modules\/module.shadow\/shadows\/shadow-1.png\" alt=\"shadow\" \/><\/div><\/div><\/div> \n\n <div   class=\"ui-column span3\"><div class=\"ui--block ui--content-item ui--pass ui--animation\"><div  class=\"ui--content-box ui--box ui-row\"><div class=\"ui--content-box-header\"><div class=\"ui--content-box-media effect--fade type--default clearfix\" style=\"padding-bottom: 56.25%;\"><a class=\"ui--content-box-link\" href=\"https:\/\/www.equinox.com.gt\/?p=208\"><div class=\"ui--content-box-image-default\"><img  class=\"ui--content-box-image\" src=\"https:\/\/www.equinox.com.gt\/wp-content\/uploads\/2015\/01\/parrilla1-570x321.jpg\" alt=\"\" title=\"\"\/><\/div><div class=\"ui--content-box-overlay\"><div class=\"ui--content-box-overlay-background\"><\/div><div class=\"center\"><span class=\"btn btn-grey ui--center-vertical\"><span class=\"ui--content-box-overlay-button-text\">Leer m\u00e1s<\/span><\/span><\/div><\/div><\/a><\/div><a class=\"ui--content-box-link\" href=\"https:\/\/www.equinox.com.gt\/?p=208\"><div class=\"ui--content-box-title ui--gradient ui--gradient-grey on--hover clearfix text-center\"><h5 class=\"ui--content-box-title-text\">Parrilla<\/h5><\/div><\/a><\/div><\/div><div class=\"ui--shadow ui--shadow-type-1 ui--shadow-abs ui--shadow-reset clearfix\"><img src=\"https:\/\/www.equinox.com.gt\/wp-content\/themes\/envision\/includes\/modules\/module.shadow\/shadows\/shadow-1.png\" alt=\"shadow\" \/><\/div><\/div><\/div> \n\n<\/div> \n<\/div><\/div>","protected":false},"excerpt":{"rendered":"<p>Lo mas reciente Leer m\u00e1sComal industrial Leer m\u00e1sComal Leer m\u00e1sFogon Leer m\u00e1sParrilla<\/p>\n","protected":false},"author":1,"featured_media":0,"parent":0,"menu_order":0,"comment_status":"closed","ping_status":"closed","template":"","meta":{"spay_email":""},"yoast_head":"<!-- This site is optimized with the Yoast SEO plugin v16.2 - https:\/\/yoast.com\/wordpress\/plugins\/seo\/ -->\n<meta name=\"robots\" content=\"index, follow, max-snippet:-1, max-image-preview:large, max-video-preview:-1\" \/>\n<link rel=\"canonical\" href=\"https:\/\/www.equinox.com.gt\/\" \/>\n<meta property=\"og:locale\" content=\"es_ES\" \/>\n<meta property=\"og:type\" content=\"article\" \/>\n<meta property=\"og:title\" content=\"Equinox - EQUINOX\" \/>\n<meta property=\"og:description\" content=\"Lo mas reciente Leer m\u00e1sComal industrial Leer m\u00e1sComal Leer m\u00e1sFogon Leer m\u00e1sParrilla\" \/>\n<meta property=\"og:url\" content=\"https:\/\/www.equinox.com.gt\/\" \/>\n<meta property=\"og:site_name\" content=\"EQUINOX\" \/>\n<meta property=\"article:modified_time\" content=\"2019-03-21T17:20:57+00:00\" \/>\n<script type=\"application\/ld+json\" class=\"yoast-schema-graph\">{\"@context\":\"https:\/\/schema.org\",\"@graph\":[{\"@type\":\"WebSite\",\"@id\":\"https:\/\/www.equinox.com.gt\/#website\",\"url\":\"https:\/\/www.equinox.com.gt\/\",\"name\":\"EQUINOX\",\"description\":\"Muebles en Acero Inoxidable\",\"potentialAction\":[{\"@type\":\"SearchAction\",\"target\":\"https:\/\/www.equinox.com.gt\/?s={search_term_string}\",\"query-input\":\"required name=search_term_string\"}],\"inLanguage\":\"es\"},{\"@type\":\"WebPage\",\"@id\":\"https:\/\/www.equinox.com.gt\/#webpage\",\"url\":\"https:\/\/www.equinox.com.gt\/\",\"name\":\"Equinox - EQUINOX\",\"isPartOf\":{\"@id\":\"https:\/\/www.equinox.com.gt\/#website\"},\"datePublished\":\"2019-03-08T17:54:36+00:00\",\"dateModified\":\"2019-03-21T17:20:57+00:00\",\"breadcrumb\":{\"@id\":\"https:\/\/www.equinox.com.gt\/#breadcrumb\"},\"inLanguage\":\"es\",\"potentialAction\":[{\"@type\":\"ReadAction\",\"target\":[\"https:\/\/www.equinox.com.gt\/\"]}]},{\"@type\":\"BreadcrumbList\",\"@id\":\"https:\/\/www.equinox.com.gt\/#breadcrumb\",\"itemListElement\":[{\"@type\":\"ListItem\",\"position\":1,\"item\":{\"@type\":\"WebPage\",\"@id\":\"https:\/\/www.equinox.com.gt\/\",\"url\":\"https:\/\/www.equinox.com.gt\/\",\"name\":\"Portada\"}},{\"@type\":\"ListItem\",\"position\":2,\"item\":{\"@id\":\"https:\/\/www.equinox.com.gt\/#webpage\"}}]}]}<\/script>\n<!-- \/ Yoast SEO plugin. -->","jetpack_sharing_enabled":true,"_links":{"self":[{"href":"https:\/\/www.equinox.com.gt\/index.php?rest_route=\/wp\/v2\/pages\/440"}],"collection":[{"href":"https:\/\/www.equinox.com.gt\/index.php?rest_route=\/wp\/v2\/pages"}],"about":[{"href":"https:\/\/www.equinox.com.gt\/index.php?rest_route=\/wp\/v2\/types\/page"}],"author":[{"embeddable":true,"href":"https:\/\/www.equinox.com.gt\/index.php?rest_route=\/wp\/v2\/users\/1"}],"replies":[{"embeddable":true,"href":"https:\/\/www.equinox.com.gt\/index.php?rest_route=%2Fwp%2Fv2%2Fcomments&post=440"}],"version-history":[{"count":15,"href":"https:\/\/www.equinox.com.gt\/index.php?rest_route=\/wp\/v2\/pages\/440\/revisions"}],"predecessor-version":[{"id":642,"href":"https:\/\/www.equinox.com.gt\/index.php?rest_route=\/wp\/v2\/pages\/440\/revisions\/642"}],"wp:attachment":[{"href":"https:\/\/www.equinox.com.gt\/index.php?rest_route=%2Fwp%2Fv2%2Fmedia&parent=440"}],"curies":[{"name":"wp","href":"https:\/\/api.w.org\/{rel}","templated":true}]}}