{"id":31,"date":"2014-08-08T05:47:20","date_gmt":"2014-08-08T05:47:20","guid":{"rendered":"http:\/\/grupointersat.com\/padisa\/?page_id=31"},"modified":"2019-03-21T02:01:30","modified_gmt":"2019-03-21T02:01:30","slug":"contactenos","status":"publish","type":"page","link":"https:\/\/www.equinox.com.gt\/?page_id=31","title":{"rendered":"Cont\u00e1ctenos"},"content":{"rendered":"<div  id=\"video-background-1\" class=\"ui--video-background-wrapper fullwidth-content clearfix\" style=\"margin-top: -30px;  margin-bottom: -30px;\"><div class=\"ui--video-background-holder\"><div  class=\"ui--video-background-video hidden-phone \"><video autoplay=\"autoplay\" loop=\"loop\" muted=\"muted\" width=\"640\" height=\"360\"><source src=\"https:\/\/www.equinox.com.gt\/wp-content\/uploads\/2019\/03\/VIDDYOZE-Paint-On-Logo.mp4\" type=\"video\/mp4\" \/><\/video><\/div><div class=\"ui--video-background-poster\"><\/div><div  class=\"ui--video-background\"><div class=\"ui--gradient\"><\/div><\/div><\/div><div  class=\"ui--section-content container clearfix\" style=\"padding-top: -150px;\"><div class=\"ui--title ui--animation ui--title-bordered text-center\"><div class=\"ui--title-holder\"><h1 class=\"ui--title-text\">Cont\u00e1ctenos<\/h1><div style=\"border-color: #ff0000 !important;  border-width: 2px;  margin-top: -1px;\" class=\"ui--title-borders ui--title-border-left\"><\/div><div style=\"border-color: #ff0000 !important;  border-width: 2px;  margin-top: -1px;\" class=\"ui--title-borders ui--title-border-right\"><\/div><\/div><\/div><div  class=\"ui--space clearfix\" data-responsive=\"{&quot;css&quot;:{&quot;height&quot;:{&quot;phone&quot;:null,&quot;tablet&quot;:null,&quot;widescreen&quot;:null}}}\"><\/div><div  class=\"ui--animation-in make--fx--fadein-ltr ui--pass clearfix\" data-fx=\"fx--fadein-ltr\" data-delay=\"150\" data-start-delay=\"0\"><div class=\"ui-row row\">\n <div   class=\"ui-column span6\"><div  class=\"ui--tagline-box-wrapper ui--animation clearfix\"><div  id=\"tagline-1\" class=\"ui--tagline-box ui-row clearfix ui--tagline-box-custom-color radius-3px\" data-responsive=\"{&quot;css&quot;:{&quot;min-height&quot;:{&quot;phone&quot;:&quot;auto&quot;,&quot;tablet&quot;:&quot;auto&quot;,&quot;widescreen&quot;:&quot;&quot;}}}\"><div  class=\"ui--tagline-background-container ui--tagline-background-overlay radius-3px\"><\/div><div  class=\"ui--tagline-background-container ui--tagline-background-image radius-3px\"><\/div><div  class=\"ui--tagline-content\"><div role=\"form\" class=\"wpcf7\" id=\"wpcf7-f6-o1\" lang=\"en-US\" dir=\"ltr\">\n<div class=\"screen-reader-response\"><p role=\"status\" aria-live=\"polite\" aria-atomic=\"true\"><\/p> <ul><\/ul><\/div>\n<form action=\"\/index.php?rest_route=%2Fwp%2Fv2%2Fpages%2F31#wpcf7-f6-o1\" method=\"post\" class=\"wpcf7-form init\" novalidate=\"novalidate\" data-status=\"init\">\n<div style=\"display: none;\">\n<input type=\"hidden\" name=\"_wpcf7\" value=\"6\" \/>\n<input type=\"hidden\" name=\"_wpcf7_version\" value=\"5.4.1\" \/>\n<input type=\"hidden\" name=\"_wpcf7_locale\" value=\"en_US\" \/>\n<input type=\"hidden\" name=\"_wpcf7_unit_tag\" value=\"wpcf7-f6-o1\" \/>\n<input type=\"hidden\" name=\"_wpcf7_container_post\" value=\"0\" \/>\n<input type=\"hidden\" name=\"_wpcf7_posted_data_hash\" value=\"\" \/>\n<\/div>\n<p>Su nombre (requerido)<br \/>\n    <span class=\"wpcf7-form-control-wrap your-name\"><input type=\"text\" name=\"your-name\" value=\"\" size=\"40\" class=\"wpcf7-form-control wpcf7-text wpcf7-validates-as-required\" aria-required=\"true\" aria-invalid=\"false\" \/><\/span> <\/p>\n<p>Email (requerido)<br \/>\n    <span class=\"wpcf7-form-control-wrap your-email\"><input type=\"email\" name=\"your-email\" value=\"\" size=\"40\" class=\"wpcf7-form-control wpcf7-text wpcf7-email wpcf7-validates-as-required wpcf7-validates-as-email\" aria-required=\"true\" aria-invalid=\"false\" \/><\/span> <\/p>\n<p>Tel\u00e9fono (requerido)<br \/>\n    <span class=\"wpcf7-form-control-wrap tel-195\"><input type=\"tel\" name=\"tel-195\" value=\"\" size=\"40\" class=\"wpcf7-form-control wpcf7-text wpcf7-tel wpcf7-validates-as-required wpcf7-validates-as-tel\" aria-required=\"true\" aria-invalid=\"false\" \/><\/span> <\/p>\n<p>Asunto<br \/>\n    <span class=\"wpcf7-form-control-wrap your-subject\"><input type=\"text\" name=\"your-subject\" value=\"\" size=\"40\" class=\"wpcf7-form-control wpcf7-text\" aria-invalid=\"false\" \/><\/span> <\/p>\n<p>Mensaje<br \/>\n    <span class=\"wpcf7-form-control-wrap your-message\"><textarea name=\"your-message\" cols=\"40\" rows=\"10\" class=\"wpcf7-form-control wpcf7-textarea\" aria-invalid=\"false\"><\/textarea><\/span> <\/p>\n<p><input type=\"submit\" value=\"Enviar\" class=\"wpcf7-form-control wpcf7-submit\" \/><\/p>\n<p style=\"display: none !important;\"><label>&#916;<textarea name=\"_wpcf7_ak_hp_textarea\" cols=\"45\" rows=\"8\" maxlength=\"100\"><\/textarea><\/label><input type=\"hidden\" id=\"ak_js_1\" name=\"_wpcf7_ak_js\" value=\"71\"\/><script>document.getElementById( \"ak_js_1\" ).setAttribute( \"value\", ( new Date() ).getTime() );<\/script><\/p><div class=\"wpcf7-response-output\" aria-hidden=\"true\"><\/div><\/form><\/div><\/div><\/div><div class=\"ui--shadow ui--shadow-type-1  clearfix\"><img src=\"https:\/\/www.equinox.com.gt\/wp-content\/themes\/envision\/includes\/modules\/module.shadow\/shadows\/shadow-1.png\" alt=\"shadow\" \/><\/div><\/div><\/div> \n\n <div   class=\"ui-column span6\"><div class=\"auto-format ui--animation\"><h3><strong>Direcci\u00f3n y Tel\u00e9fonos<\/strong><\/h3>\n<p>\u2022\t<strong>Administraci\u00f3n:<\/strong> 3ra Calle 6-97 Zona 2 Boca del Monte, Villa Canales, Guatemala.<br \/>\n\u2022\t<strong>Tel\u00e9fono Administraci\u00f3n:<\/strong> 2442-8524<\/p>\n<p><div  class=\"ui--divider ui--animation clearfix ui--divider-solid-line\" style=\"background-color: #ff0000 !important;\"><\/div><\/p>\n<p>\u2022\t<strong>Planta de Producci\u00f3n:<\/strong> 7ma Calle 4-90 Zona3 Aldea, Chichimecas, Villa Canales, Guatemala.<br \/>\n\u2022\t<strong>Tel\u00e9fono Planta de Producci\u00f3n:<\/strong> 4471-5090<\/p>\n<p><div  class=\"ui--divider ui--animation clearfix ui--divider-solid-line\" style=\"background-color: #ff0000 !important;\"><\/div><\/p>\n<h3><strong>Correos de los Asesores Comerciales<\/strong><\/h3>\n<p>\u2022\tricardoandres@equinox.com.gt<br \/>\n\u2022\tperezrafael98.eq@gmail.com<br \/>\n\u2022\tgpequinox_25@hotmail.com<br \/>\n\u2022\tjlima1770@gmail.com<br \/>\n\u2022\tasesor5@equinox.com.gt<\/p>\n<p><div  class=\"ui--divider ui--animation clearfix ui--divider-solid-line\" style=\"background-color: #ff0000 !important;\"><\/div><\/p>\n<h3><strong>Horario de atenci\u00f3n:<\/strong><\/h3>\n<p>\u2022\tLunes a Viernes de 8:00 Am a 5:30 Pm<br \/>\n\u2022\tS\u00e1bados de 8:00 Am a 1:00 P<\/p>\n<\/div><\/div> \n\n<\/div> \n<\/div><div  class=\"ui--space clearfix\" data-responsive=\"{&quot;css&quot;:{&quot;height&quot;:{&quot;phone&quot;:null,&quot;tablet&quot;:null,&quot;widescreen&quot;:null}}}\"><\/div><\/div><\/div><div  class=\"ui--space clearfix\" data-responsive=\"{&quot;css&quot;:{&quot;height&quot;:{&quot;phone&quot;:null,&quot;tablet&quot;:null,&quot;widescreen&quot;:null}}}\"><\/div><h3 id=\"custom-title-h3-1\" class=\"ui--animation \" style=\"\">Ubicaci\u00f3n de las oficinas:<\/h3><div class=\"auto-format ui--animation\"><p><iframe src=\"https:\/\/www.google.com\/maps\/embed?pb=!1m16!1m12!1m3!1d7723.561678203717!2d-90.52035837465738!3d14.554521746078906!2m3!1f0!2f0!3f0!3m2!1i1024!2i768!4f13.1!2m1!1sequinox+!5e0!3m2!1ses!2sgt!4v1553098732588\" width=\"1300\" height=\"450\" frameborder=\"0\" style=\"border:0\" allowfullscreen><\/iframe><\/p>\n<\/div>","protected":false},"excerpt":{"rendered":"<p>Cont\u00e1ctenos Su nombre (requerido) Email (requerido) Tel\u00e9fono (requerido) Asunto Mensaje &#916; Direcci\u00f3n y Tel\u00e9fonos \u2022 Administraci\u00f3n: 3ra Calle 6-97 Zona 2 Boca del Monte, Villa Canales, Guatemala. \u2022 Tel\u00e9fono Administraci\u00f3n: 2442-8524 \u2022 Planta de Producci\u00f3n: 7ma Calle 4-90 Zona3 Aldea, Chichimecas, Villa Canales, Guatemala. \u2022 Tel\u00e9fono Planta de Producci\u00f3n: 4471-5090 Correos de los Asesores Comerciales [&hellip;]<\/p>\n","protected":false},"author":1,"featured_media":0,"parent":0,"menu_order":0,"comment_status":"open","ping_status":"open","template":"","meta":{"spay_email":""},"yoast_head":"<!-- This site is optimized with the Yoast SEO plugin v16.2 - https:\/\/yoast.com\/wordpress\/plugins\/seo\/ -->\n<meta name=\"robots\" content=\"index, follow, max-snippet:-1, max-image-preview:large, max-video-preview:-1\" \/>\n<link rel=\"canonical\" href=\"https:\/\/www.equinox.com.gt\/?page_id=31\" \/>\n<meta property=\"og:locale\" content=\"es_ES\" \/>\n<meta property=\"og:type\" content=\"article\" \/>\n<meta property=\"og:title\" content=\"Cont\u00e1ctenos - EQUINOX\" \/>\n<meta property=\"og:description\" content=\"Cont\u00e1ctenos Su nombre (requerido) Email (requerido) Tel\u00e9fono (requerido) Asunto Mensaje &#916; Direcci\u00f3n y Tel\u00e9fonos \u2022 Administraci\u00f3n: 3ra Calle 6-97 Zona 2 Boca del Monte, Villa Canales, Guatemala. \u2022 Tel\u00e9fono Administraci\u00f3n: 2442-8524 \u2022 Planta de Producci\u00f3n: 7ma Calle 4-90 Zona3 Aldea, Chichimecas, Villa Canales, Guatemala. \u2022 Tel\u00e9fono Planta de Producci\u00f3n: 4471-5090 Correos de los Asesores Comerciales [&hellip;]\" \/>\n<meta property=\"og:url\" content=\"https:\/\/www.equinox.com.gt\/?page_id=31\" \/>\n<meta property=\"og:site_name\" content=\"EQUINOX\" \/>\n<meta property=\"article:modified_time\" content=\"2019-03-21T02:01:30+00:00\" \/>\n<script type=\"application\/ld+json\" class=\"yoast-schema-graph\">{\"@context\":\"https:\/\/schema.org\",\"@graph\":[{\"@type\":\"WebSite\",\"@id\":\"https:\/\/www.equinox.com.gt\/#website\",\"url\":\"https:\/\/www.equinox.com.gt\/\",\"name\":\"EQUINOX\",\"description\":\"Muebles en Acero Inoxidable\",\"potentialAction\":[{\"@type\":\"SearchAction\",\"target\":\"https:\/\/www.equinox.com.gt\/?s={search_term_string}\",\"query-input\":\"required name=search_term_string\"}],\"inLanguage\":\"es\"},{\"@type\":\"WebPage\",\"@id\":\"https:\/\/www.equinox.com.gt\/?page_id=31#webpage\",\"url\":\"https:\/\/www.equinox.com.gt\/?page_id=31\",\"name\":\"Cont\\u00e1ctenos - EQUINOX\",\"isPartOf\":{\"@id\":\"https:\/\/www.equinox.com.gt\/#website\"},\"datePublished\":\"2014-08-08T05:47:20+00:00\",\"dateModified\":\"2019-03-21T02:01:30+00:00\",\"breadcrumb\":{\"@id\":\"https:\/\/www.equinox.com.gt\/?page_id=31#breadcrumb\"},\"inLanguage\":\"es\",\"potentialAction\":[{\"@type\":\"ReadAction\",\"target\":[\"https:\/\/www.equinox.com.gt\/?page_id=31\"]}]},{\"@type\":\"BreadcrumbList\",\"@id\":\"https:\/\/www.equinox.com.gt\/?page_id=31#breadcrumb\",\"itemListElement\":[{\"@type\":\"ListItem\",\"position\":1,\"item\":{\"@type\":\"WebPage\",\"@id\":\"https:\/\/www.equinox.com.gt\/\",\"url\":\"https:\/\/www.equinox.com.gt\/\",\"name\":\"Portada\"}},{\"@type\":\"ListItem\",\"position\":2,\"item\":{\"@id\":\"https:\/\/www.equinox.com.gt\/?page_id=31#webpage\"}}]}]}<\/script>\n<!-- \/ Yoast SEO plugin. -->","jetpack_sharing_enabled":true,"_links":{"self":[{"href":"https:\/\/www.equinox.com.gt\/index.php?rest_route=\/wp\/v2\/pages\/31"}],"collection":[{"href":"https:\/\/www.equinox.com.gt\/index.php?rest_route=\/wp\/v2\/pages"}],"about":[{"href":"https:\/\/www.equinox.com.gt\/index.php?rest_route=\/wp\/v2\/types\/page"}],"author":[{"embeddable":true,"href":"https:\/\/www.equinox.com.gt\/index.php?rest_route=\/wp\/v2\/users\/1"}],"replies":[{"embeddable":true,"href":"https:\/\/www.equinox.com.gt\/index.php?rest_route=%2Fwp%2Fv2%2Fcomments&post=31"}],"version-history":[{"count":41,"href":"https:\/\/www.equinox.com.gt\/index.php?rest_route=\/wp\/v2\/pages\/31\/revisions"}],"predecessor-version":[{"id":614,"href":"https:\/\/www.equinox.com.gt\/index.php?rest_route=\/wp\/v2\/pages\/31\/revisions\/614"}],"wp:attachment":[{"href":"https:\/\/www.equinox.com.gt\/index.php?rest_route=%2Fwp%2Fv2%2Fmedia&parent=31"}],"curies":[{"name":"wp","href":"https:\/\/api.w.org\/{rel}","templated":true}]}}