{"id":29,"date":"2014-08-08T05:47:07","date_gmt":"2014-08-08T05:47:07","guid":{"rendered":"http:\/\/grupointersat.com\/padisa\/?page_id=29"},"modified":"2019-03-21T02:14:35","modified_gmt":"2019-03-21T02:14:35","slug":"servicios","status":"publish","type":"page","link":"https:\/\/www.equinox.com.gt\/?page_id=29","title":{"rendered":"Servicios"},"content":{"rendered":"<div  class=\"ui--animation-in make--fx--fadein-ltr ui--pass clearfix\" data-fx=\"fx--fadein-ltr\" data-delay=\"150\" data-start-delay=\"0\"><div class=\"auto-format ui--animation\"><h2><strong>SERVICIOS<\/strong><\/h2>\n<h4>\n<ul>\n<li>\tMantenimiento de Exhibidores<\/li>\n<li>\tMantenimiento de Sistemas de Extracci\u00f3n<\/li>\n<li>\tRemozado de Muebles en Acero Inoxidable<\/li>\n<li>\tInstalaciones de Equipo<\/li>\n<li>\tInstalaciones de Sistemas de Extracci\u00f3n<\/li>\n<li>\tReparaci\u00f3n y Mantenimiento de Muebles en Acero Inoxidable<\/li>\n<li>\tModificaciones a Mobiliario existente<\/li>\n<li>\tReparaciones con Aplicaci\u00f3n correcta de soldadura para Acero Inoxidable<\/li>\n<\/ul>\n<\/h4>\n<\/div><\/div>","protected":false},"excerpt":{"rendered":"<p>SERVICIOS Mantenimiento de Exhibidores Mantenimiento de Sistemas de Extracci\u00f3n Remozado de Muebles en Acero Inoxidable Instalaciones de Equipo Instalaciones de Sistemas de Extracci\u00f3n Reparaci\u00f3n y Mantenimiento de Muebles en Acero Inoxidable Modificaciones a Mobiliario existente Reparaciones con Aplicaci\u00f3n correcta de soldadura para Acero Inoxidable<\/p>\n","protected":false},"author":1,"featured_media":0,"parent":0,"menu_order":0,"comment_status":"open","ping_status":"open","template":"","meta":{"spay_email":""},"yoast_head":"<!-- This site is optimized with the Yoast SEO plugin v16.2 - https:\/\/yoast.com\/wordpress\/plugins\/seo\/ -->\n<meta name=\"robots\" content=\"index, follow, max-snippet:-1, max-image-preview:large, max-video-preview:-1\" \/>\n<link rel=\"canonical\" href=\"https:\/\/www.equinox.com.gt\/?page_id=29\" \/>\n<meta property=\"og:locale\" content=\"es_ES\" \/>\n<meta property=\"og:type\" content=\"article\" \/>\n<meta property=\"og:title\" content=\"Servicios - EQUINOX\" \/>\n<meta property=\"og:description\" content=\"SERVICIOS Mantenimiento de Exhibidores Mantenimiento de Sistemas de Extracci\u00f3n Remozado de Muebles en Acero Inoxidable Instalaciones de Equipo Instalaciones de Sistemas de Extracci\u00f3n Reparaci\u00f3n y Mantenimiento de Muebles en Acero Inoxidable Modificaciones a Mobiliario existente Reparaciones con Aplicaci\u00f3n correcta de soldadura para Acero Inoxidable\" \/>\n<meta property=\"og:url\" content=\"https:\/\/www.equinox.com.gt\/?page_id=29\" \/>\n<meta property=\"og:site_name\" content=\"EQUINOX\" \/>\n<meta property=\"article:modified_time\" content=\"2019-03-21T02:14:35+00:00\" \/>\n<script type=\"application\/ld+json\" class=\"yoast-schema-graph\">{\"@context\":\"https:\/\/schema.org\",\"@graph\":[{\"@type\":\"WebSite\",\"@id\":\"https:\/\/www.equinox.com.gt\/#website\",\"url\":\"https:\/\/www.equinox.com.gt\/\",\"name\":\"EQUINOX\",\"description\":\"Muebles en Acero Inoxidable\",\"potentialAction\":[{\"@type\":\"SearchAction\",\"target\":\"https:\/\/www.equinox.com.gt\/?s={search_term_string}\",\"query-input\":\"required name=search_term_string\"}],\"inLanguage\":\"es\"},{\"@type\":\"WebPage\",\"@id\":\"https:\/\/www.equinox.com.gt\/?page_id=29#webpage\",\"url\":\"https:\/\/www.equinox.com.gt\/?page_id=29\",\"name\":\"Servicios - EQUINOX\",\"isPartOf\":{\"@id\":\"https:\/\/www.equinox.com.gt\/#website\"},\"datePublished\":\"2014-08-08T05:47:07+00:00\",\"dateModified\":\"2019-03-21T02:14:35+00:00\",\"breadcrumb\":{\"@id\":\"https:\/\/www.equinox.com.gt\/?page_id=29#breadcrumb\"},\"inLanguage\":\"es\",\"potentialAction\":[{\"@type\":\"ReadAction\",\"target\":[\"https:\/\/www.equinox.com.gt\/?page_id=29\"]}]},{\"@type\":\"BreadcrumbList\",\"@id\":\"https:\/\/www.equinox.com.gt\/?page_id=29#breadcrumb\",\"itemListElement\":[{\"@type\":\"ListItem\",\"position\":1,\"item\":{\"@type\":\"WebPage\",\"@id\":\"https:\/\/www.equinox.com.gt\/\",\"url\":\"https:\/\/www.equinox.com.gt\/\",\"name\":\"Portada\"}},{\"@type\":\"ListItem\",\"position\":2,\"item\":{\"@id\":\"https:\/\/www.equinox.com.gt\/?page_id=29#webpage\"}}]}]}<\/script>\n<!-- \/ Yoast SEO plugin. -->","jetpack_sharing_enabled":true,"_links":{"self":[{"href":"https:\/\/www.equinox.com.gt\/index.php?rest_route=\/wp\/v2\/pages\/29"}],"collection":[{"href":"https:\/\/www.equinox.com.gt\/index.php?rest_route=\/wp\/v2\/pages"}],"about":[{"href":"https:\/\/www.equinox.com.gt\/index.php?rest_route=\/wp\/v2\/types\/page"}],"author":[{"embeddable":true,"href":"https:\/\/www.equinox.com.gt\/index.php?rest_route=\/wp\/v2\/users\/1"}],"replies":[{"embeddable":true,"href":"https:\/\/www.equinox.com.gt\/index.php?rest_route=%2Fwp%2Fv2%2Fcomments&post=29"}],"version-history":[{"count":12,"href":"https:\/\/www.equinox.com.gt\/index.php?rest_route=\/wp\/v2\/pages\/29\/revisions"}],"predecessor-version":[{"id":615,"href":"https:\/\/www.equinox.com.gt\/index.php?rest_route=\/wp\/v2\/pages\/29\/revisions\/615"}],"wp:attachment":[{"href":"https:\/\/www.equinox.com.gt\/index.php?rest_route=%2Fwp%2Fv2%2Fmedia&parent=29"}],"curies":[{"name":"wp","href":"https:\/\/api.w.org\/{rel}","templated":true}]}}