{"id":25,"date":"2014-08-08T05:46:41","date_gmt":"2014-08-08T05:46:41","guid":{"rendered":"http:\/\/grupointersat.com\/padisa\/?page_id=25"},"modified":"2019-03-21T15:09:22","modified_gmt":"2019-03-21T15:09:22","slug":"quienes-somos","status":"publish","type":"page","link":"https:\/\/www.equinox.com.gt\/?page_id=25","title":{"rendered":"\u00bfQui\u00e9nes somos?"},"content":{"rendered":"<div  id=\"video-background-1\" class=\"ui--video-background-wrapper fullwidth-content clearfix\" style=\"margin-top: -30px;\"><div class=\"ui--video-background-holder\"><div  class=\"ui--video-background-video hidden-phone \"><\/div><div class=\"ui--video-background-poster\"><\/div><div  class=\"ui--video-background\"><div class=\"ui--gradient\"><\/div><\/div><\/div><div  class=\"ui--section-content container clearfix\"><div  class=\"ui--animation-in make--fx--fadein-ltr ui--pass clearfix\" data-fx=\"fx--fadein-ltr\" data-delay=\"400\" data-start-delay=\"0\"><div class=\"ui-row row\">\n <div   class=\"ui-column span6\"><div class=\"ui--image-wrap clearfix ui--animation\"><div class=\"ui--image-inline-block\"><img  id=\"ui--image-1\" class=\"ui--image\" src=\"https:\/\/www.equinox.com.gt\/wp-content\/uploads\/2014\/08\/foto1.jpg\" alt=\"foto1\" title=\"foto1\" data-at2x=\"\"\/><div class=\"ui--shadow ui--shadow-type-1 ui--shadow-abs clearfix\"><img src=\"https:\/\/www.equinox.com.gt\/wp-content\/themes\/envision\/includes\/modules\/module.shadow\/shadows\/shadow-1.png\" alt=\"shadow\" \/><\/div><\/div><\/div><\/div> \n\n <div   class=\"ui-column span6\"><div class=\"auto-format ui--animation\"><h2>El acero inoxidable es \u00edcono de durabilidad, est\u00e9tica y fortaleza; es por eso que en EQUINOX, S.A., llevamos m\u00e1s de 10 a\u00f1os fabricando equipos de acero inoxidable, para <\/h2>\n<h3>\n&#8211; Restaurantes<br \/>\n&#8211; Panader\u00edas<br \/>\n&#8211; Carnicer\u00edas<br \/>\n&#8211; Hospitales<br \/>\n&#8211; Instituciones<br \/>\ny mucho m\u00e1s<\/p>\n<h3>\n<\/div><\/div> \n\n<\/div> \n<\/div><div  class=\"ui--animation-in make--fx--fadein-ltr ui--pass clearfix\" data-fx=\"fx--fadein-ltr\" data-delay=\"150\" data-start-delay=\"0\"><div  class=\"ui--space clearfix\" data-responsive=\"{&quot;css&quot;:{&quot;height&quot;:{&quot;phone&quot;:null,&quot;tablet&quot;:null,&quot;widescreen&quot;:null}}}\"><\/div><h2 id=\"custom-title-h2-1\" class=\"ui--animation \" style=\"\">Hemos fabricado e instalado equipos y muebles de  acero inoxidable para:<\/h2><div class=\"ui--client-list-wrapper ui--animation ui-row clearfix\"><div class=\"ui--client-list ui--box ui-row clearfix ui--carousel\" data-options=\"{&quot;effect&quot;:&quot;slide&quot;,&quot;auto_rotate&quot;:&quot;1&quot;,&quot;animation_loop&quot;:&quot;1&quot;,&quot;rotate_time&quot;:0,&quot;arrows&quot;:true,&quot;disable_on_mobile&quot;:false}\"><div class=\"slides\"><div class=\"ui-row row\">\n <div   class=\"ui-column span3\"><div class=\"ui--client ui--carousel-item\"><img src=\"https:\/\/www.equinox.com.gt\/wp-content\/uploads\/2019\/03\/smp.png\" alt=\"\" title=\"\" class=\"ui--animation\"><\/div><div class=\"vertical-divider\"><\/div><\/div> \n\n <div   class=\"ui-column span3\"><div class=\"ui--client ui--carousel-item\"><img src=\"https:\/\/www.equinox.com.gt\/wp-content\/uploads\/2019\/03\/pc.png\" alt=\"\" title=\"\" class=\"ui--animation\"><\/div><div class=\"vertical-divider\"><\/div><\/div> \n\n <div   class=\"ui-column span3\"><div class=\"ui--client ui--carousel-item\"><img src=\"https:\/\/www.equinox.com.gt\/wp-content\/uploads\/2019\/03\/Pizza_Hut_Logo_3.png\" alt=\"\" title=\"\" class=\"ui--animation\"><\/div><div class=\"vertical-divider\"><\/div><\/div> \n\n <div   class=\"ui-column span3\"><div class=\"ui--client ui--carousel-item\"><img src=\"https:\/\/www.equinox.com.gt\/wp-content\/uploads\/2019\/03\/pollolandia.png\" alt=\"\" title=\"\" class=\"ui--animation\"><\/div><div class=\"vertical-divider\"><\/div><\/div> \n\n<\/div> \n<div class=\"ui-row row\">\n <div   class=\"ui-column span3\"><div class=\"ui--client ui--carousel-item\"><img src=\"https:\/\/www.equinox.com.gt\/wp-content\/uploads\/2019\/03\/pinulito.png\" alt=\"\" title=\"\" class=\"ui--animation\"><\/div><div class=\"vertical-divider\"><\/div><\/div> \n\n <div   class=\"ui-column span3\"><div class=\"ui--client ui--carousel-item\"><img src=\"https:\/\/www.equinox.com.gt\/wp-content\/uploads\/2019\/03\/logo-hacienda-real.png\" alt=\"\" title=\"\" class=\"ui--animation\"><\/div><div class=\"vertical-divider\"><\/div><\/div> \n\n <div   class=\"ui-column span3\"><div class=\"ui--client ui--carousel-item\"><img src=\"https:\/\/www.equinox.com.gt\/wp-content\/uploads\/2019\/03\/al-macarone.jpg\" alt=\"\" title=\"\" class=\"ui--animation\"><\/div><div class=\"vertical-divider\"><\/div><\/div> \n\n <div   class=\"ui-column span3\"><div class=\"ui--client ui--carousel-item\"><img src=\"https:\/\/www.equinox.com.gt\/wp-content\/uploads\/2019\/03\/unnamed-file.cc.png\" alt=\"\" title=\"\" class=\"ui--animation\"><\/div><div class=\"vertical-divider\"><\/div><\/div> \n\n<\/div> \n<div class=\"ui-row row\">\n <div   class=\"ui-column span3\"><div class=\"ui--client ui--carousel-item\"><img src=\"https:\/\/www.equinox.com.gt\/wp-content\/uploads\/2019\/03\/chinawok.png\" alt=\"\" title=\"\" class=\"ui--animation\"><\/div><div class=\"vertical-divider\"><\/div><\/div> \n\n <div   class=\"ui-column span3\"><div class=\"ui--client ui--carousel-item\"><img src=\"https:\/\/www.equinox.com.gt\/wp-content\/uploads\/2019\/03\/smt-2.png\" alt=\"\" title=\"\" class=\"ui--animation\"><\/div><div class=\"vertical-divider\"><\/div><\/div> \n\n <div   class=\"ui-column span3\"><div class=\"ui--client ui--carousel-item\"><img src=\"https:\/\/www.equinox.com.gt\/wp-content\/uploads\/2019\/03\/patsy.jpg\" alt=\"\" title=\"\" class=\"ui--animation\"><\/div><div class=\"vertical-divider\"><\/div><\/div> \n\n <div   class=\"ui-column span3\"><div class=\"ui--client ui--carousel-item\"><img src=\"https:\/\/www.equinox.com.gt\/wp-content\/uploads\/2019\/03\/presto.jpg\" alt=\"\" title=\"\" class=\"ui--animation\"><\/div><div class=\"vertical-divider\"><\/div><\/div> \n\n<\/div> \n<div class=\"ui-row row\">\n <div   class=\"ui-column span3\"><div class=\"ui--client ui--carousel-item\"><img src=\"https:\/\/www.equinox.com.gt\/wp-content\/uploads\/2019\/03\/satrbucks.png\" alt=\"\" title=\"\" class=\"ui--animation\"><\/div><div class=\"vertical-divider\"><\/div><\/div> \n\n <div   class=\"ui-column span3\"><div class=\"ui--client ui--carousel-item\"><img src=\"https:\/\/www.equinox.com.gt\/wp-content\/uploads\/2019\/03\/polis.png\" alt=\"\" title=\"\" class=\"ui--animation\"><\/div><div class=\"vertical-divider\"><\/div><\/div> \n\n <div   class=\"ui-column span3\"><div class=\"ui--client ui--carousel-item\"><img src=\"https:\/\/www.equinox.com.gt\/wp-content\/uploads\/2019\/03\/polis-1.png\" alt=\"\" title=\"\" class=\"ui--animation\"><\/div><div class=\"vertical-divider\"><\/div><\/div> \n\n <div   class=\"ui-column span3\"><div class=\"ui--client ui--carousel-item\"><img src=\"https:\/\/www.equinox.com.gt\/wp-content\/uploads\/2019\/03\/sdb.png\" alt=\"\" title=\"\" class=\"ui--animation\"><\/div><div class=\"vertical-divider\"><\/div><\/div> \n\n<\/div> \n<\/div><\/div><\/div><h3 id=\"custom-title-h3-1\" class=\"ui--animation \" style=\"text-align: center; \">Contamos con personal altamente calificado para la fabricaci\u00f3n de dichos equipos as\u00ed como personal que puede orientarle en el modo de uso y limpieza de sus equipos.<\/h3><\/div><\/div><\/div><div  id=\"video-background-2\" class=\"ui--video-background-wrapper fullwidth-content clearfix\"><div class=\"ui--video-background-holder\"><div  class=\"ui--video-background-video hidden-phone \"><\/div><div  class=\"ui--video-background\"><div class=\"ui--gradient\"><\/div><\/div><\/div><div  class=\"ui--section-content container clearfix\"><div  class=\"ui--tagline-box-wrapper ui--animation clearfix\"><div  id=\"tagline-1\" class=\"ui--tagline-box ui-row clearfix ui--tagline-box-custom-color radius-3px\" data-responsive=\"{&quot;css&quot;:{&quot;min-height&quot;:{&quot;phone&quot;:&quot;auto&quot;,&quot;tablet&quot;:&quot;auto&quot;,&quot;widescreen&quot;:&quot;&quot;}}}\"><div  class=\"ui--tagline-background-container ui--tagline-background-overlay radius-3px\"><\/div><div  class=\"ui--tagline-background-container ui--tagline-background-image radius-3px\"><\/div><div  class=\"ui--tagline-content\"><div class=\"ui-row row\">\n <div   class=\"ui-column span9\"><div class=\"auto-format ui--animation\"><h2 style=\"text-align: center;\">No dude en contactarnos<\/h2>\n<\/div><\/div> \n\n <div   class=\"ui-column span3\"><a class=\"btn btn-large btn-icon-left btn-red ui--animation\" href=\"https:\/\/www.equinox.com.gt\/contactenos\/\" style=\"\">Cont\u00e1ctenos <\/a><\/div> \n\n<\/div> \n<\/div><\/div><div class=\"ui--shadow ui--shadow-type-2  clearfix\"><img src=\"https:\/\/www.equinox.com.gt\/wp-content\/themes\/envision\/includes\/modules\/module.shadow\/shadows\/shadow-2.png\" alt=\"shadow\" \/><\/div><\/div><\/div><\/div>","protected":false},"excerpt":{"rendered":"<p>El acero inoxidable es \u00edcono de durabilidad, est\u00e9tica y fortaleza; es por eso que en EQUINOX, S.A., llevamos m\u00e1s de 10 a\u00f1os fabricando equipos de acero inoxidable, para &#8211; Restaurantes &#8211; Panader\u00edas &#8211; Carnicer\u00edas &#8211; Hospitales &#8211; Instituciones y mucho m\u00e1s Hemos fabricado e instalado equipos y muebles de acero inoxidable para: Contamos con personal [&hellip;]<\/p>\n","protected":false},"author":1,"featured_media":0,"parent":0,"menu_order":0,"comment_status":"open","ping_status":"open","template":"","meta":{"spay_email":""},"yoast_head":"<!-- This site is optimized with the Yoast SEO plugin v16.2 - https:\/\/yoast.com\/wordpress\/plugins\/seo\/ -->\n<meta name=\"robots\" content=\"index, follow, max-snippet:-1, max-image-preview:large, max-video-preview:-1\" \/>\n<link rel=\"canonical\" href=\"https:\/\/www.equinox.com.gt\/?page_id=25\" \/>\n<meta property=\"og:locale\" content=\"es_ES\" \/>\n<meta property=\"og:type\" content=\"article\" \/>\n<meta property=\"og:title\" content=\"\u00bfQui\u00e9nes somos? - EQUINOX\" \/>\n<meta property=\"og:description\" content=\"El acero inoxidable es \u00edcono de durabilidad, est\u00e9tica y fortaleza; es por eso que en EQUINOX, S.A., llevamos m\u00e1s de 10 a\u00f1os fabricando equipos de acero inoxidable, para &#8211; Restaurantes &#8211; Panader\u00edas &#8211; Carnicer\u00edas &#8211; Hospitales &#8211; Instituciones y mucho m\u00e1s Hemos fabricado e instalado equipos y muebles de acero inoxidable para: Contamos con personal [&hellip;]\" \/>\n<meta property=\"og:url\" content=\"https:\/\/www.equinox.com.gt\/?page_id=25\" \/>\n<meta property=\"og:site_name\" content=\"EQUINOX\" \/>\n<meta property=\"article:modified_time\" content=\"2019-03-21T15:09:22+00:00\" \/>\n<meta property=\"og:image\" content=\"http:\/\/grupointersat.com\/padisa\/wp-content\/uploads\/2014\/08\/Logo-75.png\" \/>\n<meta name=\"twitter:label1\" content=\"Tiempo de lectura\">\n\t<meta name=\"twitter:data1\" content=\"1 minuto\">\n<script type=\"application\/ld+json\" class=\"yoast-schema-graph\">{\"@context\":\"https:\/\/schema.org\",\"@graph\":[{\"@type\":\"WebSite\",\"@id\":\"https:\/\/www.equinox.com.gt\/#website\",\"url\":\"https:\/\/www.equinox.com.gt\/\",\"name\":\"EQUINOX\",\"description\":\"Muebles en Acero Inoxidable\",\"potentialAction\":[{\"@type\":\"SearchAction\",\"target\":\"https:\/\/www.equinox.com.gt\/?s={search_term_string}\",\"query-input\":\"required name=search_term_string\"}],\"inLanguage\":\"es\"},{\"@type\":\"ImageObject\",\"@id\":\"https:\/\/www.equinox.com.gt\/?page_id=25#primaryimage\",\"inLanguage\":\"es\",\"url\":\"http:\/\/grupointersat.com\/padisa\/wp-content\/uploads\/2014\/08\/Logo-75.png\",\"contentUrl\":\"http:\/\/grupointersat.com\/padisa\/wp-content\/uploads\/2014\/08\/Logo-75.png\"},{\"@type\":\"WebPage\",\"@id\":\"https:\/\/www.equinox.com.gt\/?page_id=25#webpage\",\"url\":\"https:\/\/www.equinox.com.gt\/?page_id=25\",\"name\":\"\\u00bfQui\\u00e9nes somos? - EQUINOX\",\"isPartOf\":{\"@id\":\"https:\/\/www.equinox.com.gt\/#website\"},\"primaryImageOfPage\":{\"@id\":\"https:\/\/www.equinox.com.gt\/?page_id=25#primaryimage\"},\"datePublished\":\"2014-08-08T05:46:41+00:00\",\"dateModified\":\"2019-03-21T15:09:22+00:00\",\"breadcrumb\":{\"@id\":\"https:\/\/www.equinox.com.gt\/?page_id=25#breadcrumb\"},\"inLanguage\":\"es\",\"potentialAction\":[{\"@type\":\"ReadAction\",\"target\":[\"https:\/\/www.equinox.com.gt\/?page_id=25\"]}]},{\"@type\":\"BreadcrumbList\",\"@id\":\"https:\/\/www.equinox.com.gt\/?page_id=25#breadcrumb\",\"itemListElement\":[{\"@type\":\"ListItem\",\"position\":1,\"item\":{\"@type\":\"WebPage\",\"@id\":\"https:\/\/www.equinox.com.gt\/\",\"url\":\"https:\/\/www.equinox.com.gt\/\",\"name\":\"Portada\"}},{\"@type\":\"ListItem\",\"position\":2,\"item\":{\"@id\":\"https:\/\/www.equinox.com.gt\/?page_id=25#webpage\"}}]}]}<\/script>\n<!-- \/ Yoast SEO plugin. -->","jetpack_sharing_enabled":true,"_links":{"self":[{"href":"https:\/\/www.equinox.com.gt\/index.php?rest_route=\/wp\/v2\/pages\/25"}],"collection":[{"href":"https:\/\/www.equinox.com.gt\/index.php?rest_route=\/wp\/v2\/pages"}],"about":[{"href":"https:\/\/www.equinox.com.gt\/index.php?rest_route=\/wp\/v2\/types\/page"}],"author":[{"embeddable":true,"href":"https:\/\/www.equinox.com.gt\/index.php?rest_route=\/wp\/v2\/users\/1"}],"replies":[{"embeddable":true,"href":"https:\/\/www.equinox.com.gt\/index.php?rest_route=%2Fwp%2Fv2%2Fcomments&post=25"}],"version-history":[{"count":54,"href":"https:\/\/www.equinox.com.gt\/index.php?rest_route=\/wp\/v2\/pages\/25\/revisions"}],"predecessor-version":[{"id":612,"href":"https:\/\/www.equinox.com.gt\/index.php?rest_route=\/wp\/v2\/pages\/25\/revisions\/612"}],"wp:attachment":[{"href":"https:\/\/www.equinox.com.gt\/index.php?rest_route=%2Fwp%2Fv2%2Fmedia&parent=25"}],"curies":[{"name":"wp","href":"https:\/\/api.w.org\/{rel}","templated":true}]}}